{"id":1137,"date":"2024-03-22T14:41:09","date_gmt":"2024-03-22T13:41:09","guid":{"rendered":"https:\/\/volla-phone.ch\/?page_id=1137"},"modified":"2025-02-27T11:20:58","modified_gmt":"2025-02-27T10:20:58","slug":"neu-das-volla-tablet","status":"publish","type":"page","link":"https:\/\/volla-tablet.ch\/","title":{"rendered":"VOLLA TABLET"},"content":{"rendered":"<p><iframe loading=\"lazy\" title=\"YouTube video player\" src=\"https:\/\/www.youtube-nocookie.com\/embed\/OCUNfnWLzrU?si=1KvDMW-rp_JiUH0P\" width=\"560\" height=\"315\" frameborder=\"0\" allowfullscreen=\"allowfullscreen\"><span data-mce-type=\"bookmark\" style=\"display: inline-block; width: 0px; overflow: hidden; line-height: 0;\" class=\"mce_SELRES_start\">\ufeff<\/span><\/iframe><\/p>\n<p><span style=\"font-size: 10pt;\"><span style=\"font-family: helvetica, arial, sans-serif;\">powered by <a href=\"https:\/\/www.edv-lehmann.ch\/shop.cfm?id=56&amp;abt=Shop&amp;searchclass=Kommunikation&amp;searchgroup=Mobile%20Phone\" target=\"_blank\" rel=\"noopener\">EDV LEHMANN GmbH<\/a><\/span><\/span><\/p>\n<h3 style=\"text-align: center;\"><span style=\"font-family: helvetica, arial, sans-serif; font-size: 24pt;\">Das exklusive Tablet von VOLLA &#8211; Jetzt im EDV LEHMANN-Shop:<\/span><\/h3>\n<p><img loading=\"lazy\" decoding=\"async\" class=\"aligncenter size-full wp-image-2459\" src=\"https:\/\/volla-tablet.ch\/wp-content\/uploads\/2025\/02\/Volla_Tablet_EDV_LEHMANN.png\" alt=\"\" width=\"736\" height=\"730\" srcset=\"https:\/\/volla-tablet.ch\/wp-content\/uploads\/2025\/02\/Volla_Tablet_EDV_LEHMANN.png 736w, https:\/\/volla-tablet.ch\/wp-content\/uploads\/2025\/02\/Volla_Tablet_EDV_LEHMANN-300x298.png 300w, https:\/\/volla-tablet.ch\/wp-content\/uploads\/2025\/02\/Volla_Tablet_EDV_LEHMANN-150x150.png 150w\" sizes=\"auto, (max-width: 736px) 100vw, 736px\" \/><\/p>\n<p><span style=\"font-size: 12pt;\">Octa-Core MTK G99 Prozessor, Abmessung 278,5 x 174 x 7.5 mm,\u00a012 GB RAM mit 512 GB internem Speicher, 10&#8217;000 mAh-Akku, USB-C, \u00a013+5 MP Haupt- (AF, FF) und 5 MP Frontkamera, WiFi, Bluetooth 5.0, GPS, \u00a0inkl. USB-Kabel und Netzteil (2x SIM oder 1x SIM und 1x SD)<\/span><\/p>\n<p style=\"text-align: center;\"><span style=\"font-family: helvetica, arial, sans-serif; font-size: 18pt;\">Mehr Raum f\u00fcr Freiheit<\/span><\/p>\n<h1 style=\"text-align: center;\"><span style=\"font-family: helvetica, arial, sans-serif;\">Volla Tablet<\/span><\/h1>\n<p style=\"text-align: center;\"><span style=\"font-family: helvetica, arial, sans-serif;\">\u00a0<span style=\"color: #eb4a2f; font-size: 24pt;\">698,- CHF<\/span><\/span><\/p>\n<p style=\"text-align: center;\"><span style=\"font-family: helvetica, arial, sans-serif;\">Jetzt bestellen im -&gt; <a href=\"https:\/\/www.edv-lehmann.ch\/shop.cfm?id=56&amp;abt=Shop&amp;searchclass=Kommunikation&amp;searchgroup=Mobile%20Phone&amp;manuf=&amp;sort=&amp;shopsearch=&amp;start=10\" target=\"_blank\" rel=\"noopener\">EDV LEHMANN-Shop<\/a><\/span><\/p>\n<ul>\n<li><strong><span style=\"font-family: helvetica, arial, sans-serif; color: #ff0000;\"><span style=\"color: #eb4a2d;\">optional: Kompletteinrichtung mit allen Ihren apps, Kontakdaten, e-mail etc. plus 90,- CHF (Daten\u00fcbernahme je nach Zeitaufwand)<\/span><\/span><\/strong><\/li>\n<\/ul>\n<p><span style=\"font-family: helvetica, arial, sans-serif;\">Die Ger\u00e4teeigenschaften sind der einer Premiumklasse: 12.3 Zoll Quad HD Display, 12 GB Arbeitsspeicher und ein leistungsstarker Mediatek 8-Kern Prozessor Helio G99, der urspr\u00fcnglich speziell f\u00fcr die hohen Anforderungen von Spielen entwickelt wurde. Vier Lautsprecher sorgen f\u00fcr einen kr\u00e4ftigen Klang. Zeitgem\u00e4\u00dfe Technik trifft auf schlankes \u00a0design mit eloxiertem Aluminium Geh\u00e4use.<\/span><\/p>\n<p><img loading=\"lazy\" decoding=\"async\" class=\"aligncenter size-large wp-image-2421\" src=\"https:\/\/volla-tablet.ch\/wp-content\/uploads\/2024\/06\/volla-tabletl-1-1024x669.png\" alt=\"\" width=\"880\" height=\"575\" srcset=\"https:\/\/volla-tablet.ch\/wp-content\/uploads\/2024\/06\/volla-tabletl-1-1024x669.png 1024w, https:\/\/volla-tablet.ch\/wp-content\/uploads\/2024\/06\/volla-tabletl-1-300x196.png 300w, https:\/\/volla-tablet.ch\/wp-content\/uploads\/2024\/06\/volla-tabletl-1-768x502.png 768w, https:\/\/volla-tablet.ch\/wp-content\/uploads\/2024\/06\/volla-tabletl-1-1536x1003.png 1536w, https:\/\/volla-tablet.ch\/wp-content\/uploads\/2024\/06\/volla-tabletl-1.png 2042w\" sizes=\"auto, (max-width: 880px) 100vw, 880px\" \/><\/p>\n<p style=\"text-align: center;\"><span style=\"font-size: 10pt;\">Volla Tablet &#8211; Volla OS<\/span><\/p>\n<p><span style=\"font-family: helvetica, arial, sans-serif;\">Einzigartig ist unser Volla OS, das wir f\u00fcr Tablets optimiert haben: Live Inhalte f\u00fcr Eingaben im intelligenten Textfeld, Schnellwechsel zu Apps direkt vom Startbildschirm und frei konfigurierbare Widgets. Ganz besonders kommen die Sammlungen f\u00fcr Nachrichten und Notizen auf dem gro\u00dfz\u00fcgigen Display zur Geltung. Und nat\u00fcrlich fehlt nicht der Sicherheitsmodus des Google freien Android f\u00fcr Ihre Privatsph\u00e4re.<\/span><\/p>\n<p><span style=\"font-family: helvetica, arial, sans-serif;\">Wir werden auch wieder Ubuntu Touch als Alternative und zweites Betriebssystem mit der Multi Boot Funktion anbieten. Auf dem gro\u00dfen Display mit ansteckbarer Tastatur kann das mobile Linux Betriebssystem so richtig seine St\u00e4rke ausspielen. Laptop, Tablet, Smartphone. Alles in einem Ger\u00e4t, denn neben WLAN unterst\u00fctzt das Volla Tablet aus zwei SIM Karten. Ganz besonders praktisch die Bedienung mit drucksensitiven Stift.<\/span><\/p>\n<p><span style=\"font-family: helvetica, arial, sans-serif;\">Momentan haben wir (EDV-LEHMANN GmbH) noch keine exakte Preisinformationen &#8211; das Volla Tablet wird 700,- &#8211; 800,- CHF kosten. Sofern Du trotzdem ein VOLLA tablet reservieren m\u00f6chtest, bitten wir um Kontaktaufnahme.<\/span><\/p>\n<p><span style=\"font-family: helvetica, arial, sans-serif;\">Jetzt vorbestellen: <\/span><a href=\"m&#97;&#105;&#x6c;&#x74;&#x6f;:&#118;&#111;&#x6c;&#x6c;&#x61;&#64;e&#100;&#x76;&#x2d;&#x6c;eh&#109;&#97;&#x6e;&#x6e;&#x2e;c&#104;\" target=\"_blank\" rel=\"noopener\"><span style=\"font-family: helvetica, arial, sans-serif;\">voll&#97;&#64;&#101;&#100;&#118;&#x2d;&#x6c;&#x65;&#x68;&#x6d;&#x61;&#x6e;n&#46;ch<\/span><\/a><\/p>\n<table style=\"border: medium; width: 100%; height: 2480px;\">\n<tbody>\n<tr style=\"height: 162px;\">\n<td style=\"border: medium; width: 100%; text-align: left; height: 162px;\">\n<h1 lang=\"de\"><span style=\"font-family: helvetica, arial, sans-serif;\">Volla Tablet vereint Komfort und Datenschutz<\/span><\/h1>\n<p><span style=\"font-size: 10pt;\">(Quelle: <a href=\"https:\/\/www.openpr.de\/\" target=\"_blank\" rel=\"noopener\">https:\/\/www.openpr.de\/<\/a>)<\/span><\/p>\n<h1 style=\"text-align: center;\"><\/h1>\n<p><img loading=\"lazy\" decoding=\"async\" class=\"aligncenter size-large wp-image-1180\" src=\"https:\/\/volla-tablet.ch\/wp-content\/uploads\/2024\/03\/tablet-volla-1024x207.png\" alt=\"\" width=\"880\" height=\"178\" srcset=\"https:\/\/volla-tablet.ch\/wp-content\/uploads\/2024\/03\/tablet-volla-1024x207.png 1024w, https:\/\/volla-tablet.ch\/wp-content\/uploads\/2024\/03\/tablet-volla-300x61.png 300w, https:\/\/volla-tablet.ch\/wp-content\/uploads\/2024\/03\/tablet-volla-768x155.png 768w, https:\/\/volla-tablet.ch\/wp-content\/uploads\/2024\/03\/tablet-volla.png 1200w\" sizes=\"auto, (max-width: 880px) 100vw, 880px\" \/><\/td>\n<\/tr>\n<tr style=\"height: 845px;\">\n<td style=\"border: medium; background-color: #ffffff; width: 100%; height: 845px;\">\n<h2 style=\"text-align: left;\"><span style=\"font-family: helvetica, arial, sans-serif; color: #eb4a2d;\">Mehr Komfort durch intelligentes Bedienungskonzept<\/span><\/h2>\n<p>&nbsp;<\/p>\n<p><img loading=\"lazy\" decoding=\"async\" class=\"alignleft size-medium wp-image-2425\" src=\"https:\/\/volla-tablet.ch\/wp-content\/uploads\/2024\/06\/tablet-store-300x300.png\" alt=\"\" width=\"300\" height=\"300\" srcset=\"https:\/\/volla-tablet.ch\/wp-content\/uploads\/2024\/06\/tablet-store-300x300.png 300w, https:\/\/volla-tablet.ch\/wp-content\/uploads\/2024\/06\/tablet-store-1024x1024.png 1024w, https:\/\/volla-tablet.ch\/wp-content\/uploads\/2024\/06\/tablet-store-150x150.png 150w, https:\/\/volla-tablet.ch\/wp-content\/uploads\/2024\/06\/tablet-store-768x768.png 768w, https:\/\/volla-tablet.ch\/wp-content\/uploads\/2024\/06\/tablet-store-1536x1536.png 1536w, https:\/\/volla-tablet.ch\/wp-content\/uploads\/2024\/06\/tablet-store-666x666.png 666w, https:\/\/volla-tablet.ch\/wp-content\/uploads\/2024\/06\/tablet-store.png 1600w\" sizes=\"auto, (max-width: 300px) 100vw, 300px\" \/><\/p>\n<p><span style=\"color: #000000;\">Das Volla Tablet ist mehr als nur ein Ger\u00e4t; es ist eine Erweiterung der Volla-Vision, die Welt der Telekommunikation zug\u00e4nglicher und sicherer zu gestalten. Basis daf\u00fcr ist das eigens entwickelte Betriebssystem, das Volla OS mit seinem intuitiven Bedienkonzept.<\/span><\/p>\n<p><span style=\"color: #000000;\">Der Start Screen von Volla OS bietet mehr als den Aufruf von Apps wie bei Google und Apple Ger\u00e4ten. Sie hei\u00dft unter Volla OS \u201eSprungbrett\u201c und bietet einen unmittelbaren Aufruf von Alltagsfunktionen ohne eine App \u00f6ffnen zu m\u00fcssen. F\u00fcr das Volla Tablet wurde es auf die Gr\u00f6\u00dfe des Displays angepasst, um seine St\u00e4rke zu entfalten:<\/span><\/p>\n<p><span style=\"color: #000000;\">In einem Textfeld kann ein Anwender nicht nur eine Suche absetzen, sondern gleich auch Nachrichten senden, Termine in den Kalender eintragen oder Notizen verfassen. Erweiterungen von Drittanbietern erweitern die F\u00e4higkeiten der Volla KI. Neu sind nun auch Live-Ergebnisse. So kann der Anwender zum Beispiel das Wetter oder Wiki-Artikel finden, ohne eine App oder eine Internetseite \u00f6ffnen zu m\u00fcssen.<\/span><\/p>\n<p><span style=\"color: #000000;\">Das gro\u00dfe Display bietet nun auch Platz f\u00fcr einen praktischen Schnell-Wechsel zwischen ge\u00f6ffneten Apps, ohne die f\u00fcr Android \u00fcbliche \u201eB\u00fchne\u201c der ge\u00f6ffneten Apps anzeigen zu lassen und horizontal zu bl\u00e4ttern.<\/span><\/p>\n<p><span style=\"color: #000000;\">Besonders zu Geltung kommen die Sammlungen, so werden in Volla OS die automatisch zusammengestellten Inhalte bezeichnet. Dazu z\u00e4hlen etwa die j\u00fcngsten Kontakte, mit denen ein Anwender \u00fcber Anrufe oder Mitteilungen in Verbindung stand, die j\u00fcngsten Unterhaltungen per SMS oder Signal, wichtige Notizen und News aus abonnierten RSS- und Atom-Feeds. Artikel werden in einer aufger\u00e4umten Readability-Ansicht ohne Werbung und Men\u00fcs angezeigt.<\/span><\/p>\n<p><span style=\"color: #000000;\">Apps gruppiert Volla OS automatisch in solche, die ein Anwender zuletzt h\u00e4ufig oder seltener genutzt hat, sodass mehr \u00dcbersicht entsteht.<\/span><\/td>\n<\/tr>\n<tr style=\"height: 1449px;\">\n<td style=\"border: medium; background-color: #eb4a2d; width: 100%; height: 1449px;\">\n<h1 style=\"text-align: left;\"><span style=\"font-family: helvetica, arial, sans-serif; color: #ffffff;\">Privatsph\u00e4re und Sicherheit durch einzigartigen Sicherheitsmodus<\/span><\/h1>\n<p><img loading=\"lazy\" decoding=\"async\" class=\"aligncenter size-large wp-image-2426\" src=\"https:\/\/volla-tablet.ch\/wp-content\/uploads\/2024\/06\/tabn-1024x1024.jpg\" alt=\"\" width=\"880\" height=\"880\" srcset=\"https:\/\/volla-tablet.ch\/wp-content\/uploads\/2024\/06\/tabn-1024x1024.jpg 1024w, https:\/\/volla-tablet.ch\/wp-content\/uploads\/2024\/06\/tabn-300x300.jpg 300w, https:\/\/volla-tablet.ch\/wp-content\/uploads\/2024\/06\/tabn-150x150.jpg 150w, https:\/\/volla-tablet.ch\/wp-content\/uploads\/2024\/06\/tabn-768x768.jpg 768w, https:\/\/volla-tablet.ch\/wp-content\/uploads\/2024\/06\/tabn-666x666.jpg 666w, https:\/\/volla-tablet.ch\/wp-content\/uploads\/2024\/06\/tabn.jpg 1080w\" sizes=\"auto, (max-width: 880px) 100vw, 880px\" \/><\/p>\n<p><span style=\"color: #ffffff;\">Um sicherzustellen, dass nur der Anwender entscheidet, welche Daten er wann mit wem teils, basiert das Volla OS auf dem quelloffenen Android Open Source Projekt mit zus\u00e4tzlichen Komponenten f\u00fcr mehr Komfort und Sicherheit. Es enth\u00e4lt keine Google Play Dienste und verlangt auch kein Benutzerkonto, wie es in Apple Betriebssystemen Voraussetzung ist.<\/span><\/p>\n<p><span style=\"color: #ffffff;\">Das ebenfalls quelloffene Betriebssystem Volla OS ist von unerw\u00fcnschtem Aufruf von Fremddiensten bereinigt und sch\u00fctzt Anwender mit einem einzigartigen Sicherheitsmodus. Damit k\u00f6nnen Apps und ihre Hintergrundprozesse vor\u00fcbergehend vollst\u00e4ndig blockiert werden, der Internetverkehr f\u00fcr alle Apps gefiltert und sogar f\u00fcr jede App jeweils die Berechtigung f\u00fcr den Zugang zum Internet eingestellt werden. Vorlagen f\u00fcr die Firewall, die den Internetverkehr lokal \u00fcberwacht und filtert, kann der Anwender f\u00fcr eine Vielzahl von Risiken wie Tracker, Schadsoftware, Phishing und Betrug ausw\u00e4hlen, die in einem quelloffenen Projekt aktuell gehalten werden.<\/span><\/p>\n<p><span style=\"color: #ffffff;\">Neu ist die Kopplung der Deaktivierung von microG an den Sicherheitsmodus. Die quelloffene Softwarekomponente microG simuliert Google Play Dienste und stellt die Kompatibilit\u00e4t f\u00fcr Apps her, die diese zwingend voraussetzen und auf die Anwender oft angewiesen sind. Solche Apps, sei es f\u00fcr die Bank oder das Parkhaus, k\u00f6nnen dann f\u00fcr den Moment der Nutzung aktiviert und anschlie\u00dfend wieder zum Schutz der Privatsph\u00e4re und Daten deaktiviert werden. Vor allen die Firebase Push Benachrichtigungen von Google sind, wie Ende 2023 bekannt wurde, kompromittiert.<\/span><\/p>\n<p><span style=\"color: #ffffff;\">Apps finden Anwender im Aurora Store, \u00fcber den sie aus dem Google Play Store anonym und sicher Anwendungen herunterladen und installieren k\u00f6nnen. Au\u00dferdem informiert der Aurora Store \u00fcber Tracker, die Benutzerdaten erfassen. Diese k\u00f6nnen wiederum \u00fcber den Sicherheitsmodus blockiert werden. Quelloffene Alternativen f\u00fcr die meisten Anwendungsf\u00e4lle des Alltags finden Anwender unter Volla OS im F-Droid Store.<\/span><\/p>\n<p>&nbsp;<\/td>\n<\/tr>\n<tr style=\"height: 24px;\">\n<td style=\"border: medium; width: 100%; height: 24px;\">\n<h2><span style=\"font-family: helvetica, arial, sans-serif;\">Laptop, Tablet und Smartphone mit Ubuntu Touch<\/span><\/h2>\n<p>Schon wie f\u00fcr die Volla Phones bietet der junge, ambitionierte Hersteller aus Remscheid Ubuntu Touch als alternatives Betriebssystem an. Es handelt sich um die mobile Version der popul\u00e4ren Ubuntu Linux Distribution. Wer sich nicht festlegen will, kann mit Volla OS als zweites Betriebssystem Ubuntu Touch installieren und zwischen beiden wechseln. Die einzigartige Multi-Boot Funktion erlaubt die Verwendung mehrerer Betriebssysteme.<\/p>\n<p>Ubuntu Touch entfaltet auf dem Volla Tablet seine ganze St\u00e4rke. Es passt sich automatisch der Display-Gr\u00f6\u00dfe an und kann auch Desktop Apps wie Open Office ausf\u00fchren. Zusammen mit der ansteckbaren Tastatur wird es zum Laptop, Tablet und Smartphone in einem, denn das Volla Tablet unterst\u00fctzt auch den Zugang zum Mobilfunknetz mit bis zu zwei SIM Karten oder wahlweise mit einer SIM-Karte plus Micro SD Speicherkarte. Die Bedienung mit Stift macht das Volla Tablet hingegen zum perfekten Begleiter im Studium oder f\u00fcr kreative Berufe.<\/p>\n<p><img loading=\"lazy\" decoding=\"async\" class=\"aligncenter size-large wp-image-2422\" src=\"https:\/\/volla-tablet.ch\/wp-content\/uploads\/2024\/06\/volla-tablet-2-ubuntu-1024x669.png\" alt=\"\" width=\"880\" height=\"575\" srcset=\"https:\/\/volla-tablet.ch\/wp-content\/uploads\/2024\/06\/volla-tablet-2-ubuntu-1024x669.png 1024w, https:\/\/volla-tablet.ch\/wp-content\/uploads\/2024\/06\/volla-tablet-2-ubuntu-300x196.png 300w, https:\/\/volla-tablet.ch\/wp-content\/uploads\/2024\/06\/volla-tablet-2-ubuntu-768x502.png 768w, https:\/\/volla-tablet.ch\/wp-content\/uploads\/2024\/06\/volla-tablet-2-ubuntu-1536x1003.png 1536w, https:\/\/volla-tablet.ch\/wp-content\/uploads\/2024\/06\/volla-tablet-2-ubuntu.png 2042w\" sizes=\"auto, (max-width: 880px) 100vw, 880px\" \/><\/td>\n<\/tr>\n<tr>\n<td style=\"border: medium; background-color: #ffffff; width: 100%;\">\n<h2><span style=\"font-family: helvetica, arial, sans-serif; color: #eb4a2d;\">Leistungsmerkmale auf Pro Niveau<\/span><\/h2>\n<p>Das Volla Tablet mit hochwertigem Aluminium-Geh\u00e4use besitzt ein 13,3 Zoll Display mit Quad HD Aufl\u00f6sung von 2560 mal 1600 Pixeln und vier Lautsprechern f\u00fcr ausreichend Lautst\u00e4rke. Der verbaute Gaming-Prozessor G99 von Mediatek sorgt f\u00fcr ausreichen Leistung, die durch eine Speicherausstattung von 12 GB noch einmal einen Boost erf\u00e4hrt. Als interner Speicher sind 256 GB verbaut, der durch eine Speicherkarte erweitert werden kann.<\/p>\n<p>Die Konnektivit\u00e4t umfasst neben Bluetooth, WLAN und Ethernet \u00fcber USB-OTG auch 2G, 3G und 4G Funknetze. Die Batterie sichert mit 10.000 mAh f\u00fcr einen ausdauernden Betrieb des Ger\u00e4tes. Besonders praktisch ist der seitliche Anschluss zum Anstecken einer r\u00fcckseitig beleuchteten Tastatur mit Touchpad.<\/td>\n<\/tr>\n<\/tbody>\n<\/table>\n<p><img loading=\"lazy\" decoding=\"async\" class=\"size-full wp-image-2292 aligncenter\" src=\"https:\/\/volla-tablet.ch\/wp-content\/uploads\/2024\/06\/VOLLA_QUINTUS_MOCKUPlogo.png\" alt=\"\" width=\"187\" height=\"44\" \/><\/p>\n<p style=\"text-align: center;\">Jetzt vorbestellen:\u00a0<a href=\"&#x6d;&#97;&#105;l&#x74;&#x6f;&#58;v&#x6f;&#x6c;&#108;a&#64;&#x65;&#100;&#118;-&#x6c;&#x65;&#104;m&#x61;&#x6e;&#110;&#46;c&#x68;\" target=\"_blank\" rel=\"noopener\">vol&#108;&#97;&#64;&#x65;&#x64;&#x76;&#x2d;&#x6c;&#x65;hma&#110;&#110;&#46;&#99;&#x68;<\/a><\/p>\n<h3 class=\"blog-title\"><span style=\"font-family: helvetica, arial, sans-serif; color: #c62c62;\">SIM-Karten \u2013 g\u00fcnstige Tarife von digital republic<\/span><\/h3>\n<p>EDV LEHMANN GmbH bietet eine neue Dienstleistung: Sparen Sie mit unseren Mobil- und Daten-SIM-Karten von digital republic.<\/p>\n<p><img loading=\"lazy\" decoding=\"async\" class=\"aligncenter wp-image-2421 size-full\" src=\"https:\/\/vollaquintus.ch\/wp-content\/uploads\/2024\/07\/dr.jpg\" alt=\"\" width=\"800\" height=\"400\" \/><\/p>\n<p><strong>MOBIL:<\/strong> Sie k\u00f6nnen sehr einfach mit einer SIM-Karte f\u00fcr 18,- CHF 30 Tage alle Vorz\u00fcge des preiswerten und grossz\u00fcgigen Tarifs profitieren, oder auch ein 365-Tage-Abonnements f\u00fcr 198,- CHF l\u00f6sen . Bei Ihrer Anmeldung und und dem Wunsch nach Portierung Ihrer gegenw\u00e4rtigen Natel-Nummer, wird eine automatische K\u00fcndigung zum Ablaufdatum Ihres alten Vertrages von digital republic vorgenommen.<\/p>\n<p><strong>DATEN:<\/strong> Profitieren Sie auch von den sehr preiswerten und grossz\u00fcgigen Daten-Tarifen von digital republic.<\/p>\n<p>Weitere Einzelheiten zu den SIM-Karten finden Sie hier in unserem <span style=\"color: #c62c62;\"><a style=\"color: #c62c62;\" href=\"https:\/\/www.edv-lehmann.ch\/?art=republic\" target=\"_blank\" rel=\"noopener\">EDV LEHMANN-Shop<\/a><\/span><\/p>\n<h2><span style=\"font-family: helvetica, arial, sans-serif; color: #00ff00;\">LINUX KOMPETENZ<\/span><\/h2>\n<p><strong>Bitte beachten Sie auch unsere LINUX-Kompetenz! Wir beraten Sie gerne!<\/strong><\/p>\n<p><img loading=\"lazy\" decoding=\"async\" class=\"aligncenter size-full wp-image-1217 smush-detected-img smush-image-7\" src=\"https:\/\/volla-phone.ch\/wp-content\/uploads\/2024\/03\/tux-linux.png\" sizes=\"auto, (max-width: 350px) 100vw, 350px\" srcset=\"https:\/\/volla-phone.ch\/wp-content\/uploads\/2024\/03\/tux-linux.png 350w, https:\/\/volla-phone.ch\/wp-content\/uploads\/2024\/03\/tux-linux-247x300.png 247w\" alt=\"\" width=\"350\" height=\"425\" \/><\/p>\n<p>LINUX INSTALLIEREN<span style=\"color: #00ff00;\"> <a style=\"color: #00ff00;\" href=\"https:\/\/linux-installieren.ch\" target=\"_blank\" rel=\"noopener\">https:\/\/linux-installieren.ch<\/a><\/span><br \/>\nLINUX PCs von uns gebaut! <span style=\"color: #00ff00;\"><a style=\"color: #00ff00;\" href=\"https:\/\/linux-pc.ch\" target=\"_blank\" rel=\"noopener\">https:\/\/linux-pc.ch<\/a><\/span><br \/>\nLINUX NOTEBOOKS<span style=\"color: #00ff00;\"> <a style=\"color: #00ff00;\" href=\"https:\/\/linux-notebook.ch\" target=\"_blank\" rel=\"noopener\">https:\/\/linux-notebook.ch<\/a><\/span><br \/>\nDATENSCHUTZ &amp; PRIVATSHP\u00c4RE <span style=\"color: #00ff00;\"><a style=\"color: #00ff00;\" href=\"https:\/\/weg-von-windows.ch\" target=\"_blank\" rel=\"noopener\">https:\/\/weg-von-windows.ch<\/a><\/span><\/p>\n<p><span style=\"color: #ffffff;\"><strong>Jetzt l\u00e4ute uns einfach an <\/strong><\/span><span style=\"font-size: 1.125rem; color: #ffffff;\">062 858 30 00<\/span><span style=\"color: #ffffff;\"><strong>, oder schreibe uns ein e-mail an <a href=\"&#x6d;&#x61;&#105;&#108;to&#x3a;&#x76;&#x6f;&#108;la&#x40;&#x65;&#x64;&#118;&#45;l&#x65;&#x68;&#x6d;&#97;&#110;n&#x2e;&#x63;&#x68;\" target=\"_blank\" rel=\"noopener\">&#x76;&#111;l&#x6c;&#97;&#64;&#x65;&#x64;&#118;&#x2d;&#x6c;&#101;h&#x6d;&#97;n&#x6e;&#x2e;&#99;&#x68;<\/a> &#8211; vielen Dank!<\/strong><\/span><\/p>\n<p>&nbsp;<\/p>\n<div class=\"s3_column s3_column_center\">\n<div id=\"stacks_out_465\" class=\"stacks_out\">\n<div id=\"stacks_in_465\" class=\"stacks_in com_yourhead_stacks_two_columns_stack\">\n<div class=\"s3_row\">\n<div style=\"text-align: center;\"><span style=\"font-size: 10pt;\"><a href=\"https:\/\/www.edv-lehmann.ch\" target=\"_blank\" rel=\"noopener\">powered by EDV LEHMANN GmbH<\/a><\/span><\/div>\n<\/div>\n<\/div>\n<\/div>\n<\/div>\n<div class=\"s3_column s3_column_center\">\n<div id=\"stacks_out_465\" class=\"stacks_out\">\n<div style=\"text-align: center;\"><span style=\"font-size: 10pt;\"><a href=\"https:\/\/vollaquintus.ch\/index.php\/impressum\/\">Impressum<\/a><\/span><\/div>\n<div id=\"stacks_in_465\" class=\"stacks_in com_yourhead_stacks_two_columns_stack\">\n<div class=\"s3_row\">\n<div class=\"s3_column s3_column_left\" style=\"text-align: center;\"><span style=\"font-size: 10pt;\"><a href=\"https:\/\/volla-phone.ch\/bilderrechte-quellen\/\" target=\"_blank\" rel=\"noopener\">Bilderrechte &amp; &#8211; quellen EDV LEHMANN<\/a> &amp; <a href=\"https:\/\/volla.online\" target=\"_blank\" rel=\"noopener\">volla.online<\/a><\/span><\/div>\n<\/div>\n<\/div>\n<div><span style=\"font-size: 10pt;\">Unser besonderer Dank gilt: <a href=\"https:\/\/volla.online\" target=\"_blank\" rel=\"noopener\">volla.online<\/a>, <a href=\"https:\/\/linuxmint.com\/\" target=\"_blank\" rel=\"noopener\">linuxmint.com<\/a>, <a href=\"https:\/\/www.debian.org\/index.de.html\" target=\"_blank\" rel=\"noopener\">debian.org<\/a>, <a href=\"https:\/\/ubuntu.com\/\" target=\"_blank\" rel=\"noopener\">ubuntu.com<\/a>, <a href=\"https:\/\/www.asus.com\/ch-de\/\" target=\"_blank\" rel=\"noopener\">asus.com<\/a>, <a href=\"https:\/\/www.local.ch\/\" target=\"_blank\" rel=\"noopener\">local.ch<\/a>, <a href=\"https:\/\/search.ch\" target=\"_blank\" rel=\"noopener\">search.ch<\/a>, <a href=\"https:\/\/swisscows.com\" target=\"_blank\" rel=\"noopener\">swisscows.com<\/a> &amp; nicht zuletzt unseren treuen Kunden<\/span><\/div>\n<\/div>\n<\/div>\n<p>&nbsp;<\/p>\n","protected":false},"excerpt":{"rendered":"<p>\ufeff powered by EDV LEHMANN GmbH Das exklusive Tablet von VOLLA &#8211; Jetzt im EDV LEHMANN-Shop: Octa-Core MTK G99 Prozessor,<\/p>\n<p><a href=\"https:\/\/volla-tablet.ch\/\" class=\"more-link\">Continue reading<span class=\"screen-reader-text\">VOLLA TABLET<\/span><\/a><\/p>\n","protected":false},"author":1,"featured_media":0,"parent":0,"menu_order":0,"comment_status":"closed","ping_status":"closed","template":"","meta":{"jetpack_post_was_ever_published":false,"footnotes":""},"class_list":["post-1137","page","type-page","status-publish","hentry"],"jetpack_sharing_enabled":true,"_links":{"self":[{"href":"https:\/\/volla-tablet.ch\/index.php\/wp-json\/wp\/v2\/pages\/1137","targetHints":{"allow":["GET"]}}],"collection":[{"href":"https:\/\/volla-tablet.ch\/index.php\/wp-json\/wp\/v2\/pages"}],"about":[{"href":"https:\/\/volla-tablet.ch\/index.php\/wp-json\/wp\/v2\/types\/page"}],"author":[{"embeddable":true,"href":"https:\/\/volla-tablet.ch\/index.php\/wp-json\/wp\/v2\/users\/1"}],"replies":[{"embeddable":true,"href":"https:\/\/volla-tablet.ch\/index.php\/wp-json\/wp\/v2\/comments?post=1137"}],"version-history":[{"count":16,"href":"https:\/\/volla-tablet.ch\/index.php\/wp-json\/wp\/v2\/pages\/1137\/revisions"}],"predecessor-version":[{"id":2463,"href":"https:\/\/volla-tablet.ch\/index.php\/wp-json\/wp\/v2\/pages\/1137\/revisions\/2463"}],"wp:attachment":[{"href":"https:\/\/volla-tablet.ch\/index.php\/wp-json\/wp\/v2\/media?parent=1137"}],"curies":[{"name":"wp","href":"https:\/\/api.w.org\/{rel}","templated":true}]}}