{"id":2445,"date":"2024-08-20T08:28:31","date_gmt":"2024-08-20T06:28:31","guid":{"rendered":"https:\/\/volla-tablet.ch\/?page_id=2445"},"modified":"2024-08-20T08:51:16","modified_gmt":"2024-08-20T06:51:16","slug":"google-freies-tablet","status":"publish","type":"page","link":"https:\/\/volla-tablet.ch\/index.php\/google-freies-tablet\/","title":{"rendered":"google freies Tablet"},"content":{"rendered":"<h3><span style=\"font-family: helvetica, arial, sans-serif;\">&#171;Wir wissen, wo Du bist. Wir wissen, wo Du warst. Wir wissen mehr oder weniger, wor\u00fcber Du nachdenkst&#187;<\/span><\/h3>\n<p><span style=\"font-family: helvetica, arial, sans-serif;\">(Eric Schmidt \/ Google-Gr\u00fcnder \/ CEO &amp; Verwaltungsrat)<\/span><\/p>\n<p><span style=\"font-family: helvetica, arial, sans-serif;\">Wir denken: Dieser Ausspruch des Google-Gr\u00fcnders l\u00e4sst sehr, sehr tief blicken! Nein, Du musst auf Deine Apps nicht verzichten, siehe unsere Hauptseite <a href=\"https:\/\/volla-phone.ch\/\" target=\"_blank\" rel=\"noopener\">https:\/\/volla-phone.ch<\/a> Stichwort AURORA-Store, &#8230; aber absoluter Datenschutz, eine gesch\u00fctzte Privatsph\u00e4re, 4-j\u00e4hrige Technologieerfahrung mit tollen Modellen, neuen Entwicklungen und konsequent<\/span><\/p>\n<figure id=\"attachment_2446\" aria-describedby=\"caption-attachment-2446\" style=\"width: 582px\" class=\"wp-caption aligncenter\"><img loading=\"lazy\" decoding=\"async\" class=\"size-full wp-image-2446\" src=\"https:\/\/volla-tablet.ch\/wp-content\/uploads\/2024\/08\/google_frei.png\" alt=\"google frei\" width=\"582\" height=\"138\" srcset=\"https:\/\/volla-tablet.ch\/wp-content\/uploads\/2024\/08\/google_frei.png 582w, https:\/\/volla-tablet.ch\/wp-content\/uploads\/2024\/08\/google_frei-300x71.png 300w\" sizes=\"auto, (max-width: 582px) 100vw, 582px\" \/><figcaption id=\"caption-attachment-2446\" class=\"wp-caption-text\"><span style=\"font-size: 8pt;\">google frei<\/span><\/figcaption><\/figure>\n<p><span style=\"font-family: helvetica, arial, sans-serif;\">findest Du mit diesem Plus an Komfort, nur bei dem VOLLA PHONE und dem VOLLA TABLET!<br \/>\n<\/span><\/p>\n<p><span style=\"font-family: helvetica, arial, sans-serif;\">Abonniere unseren newsletter (siehe unten) um \u00fcber die neuesten Entwicklungen zu erfahren!<\/span><\/p>\n<p><span style=\"font-size: 8pt;\">Bilderrechte: <a href=\"https:\/\/www.pickpik.com\" target=\"_blank\" rel=\"noopener\">https:\/\/www.pickpik.com<\/a> + <a href=\"https:\/\/www.edv-lehmann.ch\" target=\"_blank\" rel=\"noopener\">https:\/\/www.edv-lehmann.ch<\/a><\/span><\/p>\n","protected":false},"excerpt":{"rendered":"<p>&#171;Wir wissen, wo Du bist. Wir wissen, wo Du warst. Wir wissen mehr oder weniger, wor\u00fcber Du nachdenkst&#187; (Eric Schmidt<\/p>\n<p><a href=\"https:\/\/volla-tablet.ch\/index.php\/google-freies-tablet\/\" class=\"more-link\">Continue reading<span class=\"screen-reader-text\">google freies Tablet<\/span><\/a><\/p>\n","protected":false},"author":1,"featured_media":0,"parent":0,"menu_order":0,"comment_status":"closed","ping_status":"closed","template":"","meta":{"jetpack_post_was_ever_published":false,"footnotes":""},"class_list":["post-2445","page","type-page","status-publish","hentry"],"jetpack_sharing_enabled":true,"_links":{"self":[{"href":"https:\/\/volla-tablet.ch\/index.php\/wp-json\/wp\/v2\/pages\/2445","targetHints":{"allow":["GET"]}}],"collection":[{"href":"https:\/\/volla-tablet.ch\/index.php\/wp-json\/wp\/v2\/pages"}],"about":[{"href":"https:\/\/volla-tablet.ch\/index.php\/wp-json\/wp\/v2\/types\/page"}],"author":[{"embeddable":true,"href":"https:\/\/volla-tablet.ch\/index.php\/wp-json\/wp\/v2\/users\/1"}],"replies":[{"embeddable":true,"href":"https:\/\/volla-tablet.ch\/index.php\/wp-json\/wp\/v2\/comments?post=2445"}],"version-history":[{"count":3,"href":"https:\/\/volla-tablet.ch\/index.php\/wp-json\/wp\/v2\/pages\/2445\/revisions"}],"predecessor-version":[{"id":2450,"href":"https:\/\/volla-tablet.ch\/index.php\/wp-json\/wp\/v2\/pages\/2445\/revisions\/2450"}],"wp:attachment":[{"href":"https:\/\/volla-tablet.ch\/index.php\/wp-json\/wp\/v2\/media?parent=2445"}],"curies":[{"name":"wp","href":"https:\/\/api.w.org\/{rel}","templated":true}]}}